{"id":28941,"date":"2023-12-19T16:46:30","date_gmt":"2023-12-19T15:46:30","guid":{"rendered":"https:\/\/atmosphere-carrelage.ch\/?page_id=28941"},"modified":"2024-01-25T16:06:21","modified_gmt":"2024-01-25T15:06:21","slug":"faq","status":"publish","type":"page","link":"https:\/\/atmosphere-expo.ch\/de\/faq\/","title":{"rendered":"FAQ"},"content":{"rendered":"\n[et_pb_section fb_built=\u00a0\u00bb1&Prime; admin_label=\u00a0\u00bbCall to Action\u00a0\u00bb _builder_version=\u00a0\u00bb4.23.1&Prime; _module_preset=\u00a0\u00bbdefault\u00a0\u00bb background_color=\u00a0\u00bb#E9ECEB\u00a0\u00bb use_background_color_gradient=\u00a0\u00bbon\u00a0\u00bb background_color_gradient_stops=\u00a0\u00bb#28292d 0%|rgba(255,255,255,0) 100%\u00a0\u00bb background_color_gradient_overlays_image=\u00a0\u00bbon\u00a0\u00bb background_color_gradient_start=\u00a0\u00bb#28292d\u00a0\u00bb background_color_gradient_end=\u00a0\u00bbrgba(255,255,255,0)\u00a0\u00bb background_image=\u00a0\u00bbhttps:\/\/atmosphere-carrelage.ch\/wp-content\/uploads\/2023\/12\/livingroom-3.jpeg\u00a0\u00bb custom_padding=\u00a0\u00bb6vw||6vw||true|false\u00a0\u00bb global_colors_info=\u00a0\u00bb{}\u00a0\u00bb][et_pb_row column_structure=\u00a0\u00bb3_5,2_5&Prime; _builder_version=\u00a0\u00bb4.16&Prime; _module_preset=\u00a0\u00bbdefault\u00a0\u00bb global_colors_info=\u00a0\u00bb{}\u00a0\u00bb][et_pb_column type=\u00a0\u00bb3_5&Prime; _builder_version=\u00a0\u00bb4.16&Prime; _module_preset=\u00a0\u00bbdefault\u00a0\u00bb background_color=\u00a0\u00bb#FFFFFF\u00a0\u00bb custom_padding=\u00a0\u00bb60px|60px|60px|60px|true|true\u00a0\u00bb custom_padding_tablet=\u00a0\u00bb30px|30px|30px|30px|true|true\u00a0\u00bb custom_padding_phone=\u00a0\u00bb20px|20px|20px|20px|true|true\u00a0\u00bb custom_padding_last_edited=\u00a0\u00bbon|tablet\u00a0\u00bb global_colors_info=\u00a0\u00bb{}\u00a0\u00bb][et_pb_text _builder_version=\u00a0\u00bb4.16&Prime; _module_preset=\u00a0\u00bb32021f09-dd67-47fb-8f9a-832b72a38baf\u00a0\u00bb header_text_color=\u00a0\u00bb#000000&Prime; header_2_font=\u00a0\u00bbUrbanist|700|||||||\u00a0\u00bb header_2_text_color=\u00a0\u00bb#000000&Prime; header_2_font_size=\u00a0\u00bb56px\u00a0\u00bb header_2_letter_spacing=\u00a0\u00bb-0.02em\u00a0\u00bb header_2_line_height=\u00a0\u00bb1.2em\u00a0\u00bb header_2_font_size_tablet=\u00a0\u00bb32px\u00a0\u00bb header_2_font_size_phone=\u00a0\u00bb20px\u00a0\u00bb header_2_font_size_last_edited=\u00a0\u00bbon|phone\u00a0\u00bb locked=\u00a0\u00bboff\u00a0\u00bb global_colors_info=\u00a0\u00bb{}\u00a0\u00bb]<h2>FAQ<\/h2>[\/et_pb_text][et_pb_accordion open_toggle_background_color=\u00a0\u00bbRGBA(0,0,0,0)\u00a0\u00bb closed_toggle_background_color=\u00a0\u00bbRGBA(0,0,0,0)\u00a0\u00bb icon_color=\u00a0\u00bb#28292D\u00a0\u00bb _builder_version=\u00a0\u00bb4.24.0&Prime; _module_preset=\u00a0\u00bbdefault\u00a0\u00bb toggle_text_color=\u00a0\u00bb#000000&Prime; toggle_level=\u00a0\u00bbh4&Prime; toggle_font=\u00a0\u00bbUrbanist|700|||||||\u00a0\u00bb toggle_font_size=\u00a0\u00bb24px\u00a0\u00bb toggle_line_height=\u00a0\u00bb1.3em\u00a0\u00bb body_font_size=\u00a0\u00bb16px\u00a0\u00bb body_line_height=\u00a0\u00bb1.8em\u00a0\u00bb hover_enabled=\u00a0\u00bb0&Prime; toggle_font_size_tablet=\u00a0\u00bb20px\u00a0\u00bb toggle_font_size_phone=\u00a0\u00bb16px\u00a0\u00bb toggle_font_size_last_edited=\u00a0\u00bbon|phone\u00a0\u00bb body_font_size_tablet=\u00a0\u00bb15px\u00a0\u00bb body_font_size_phone=\u00a0\u00bb14px\u00a0\u00bb body_font_size_last_edited=\u00a0\u00bbon|phone\u00a0\u00bb border_color_all=\u00a0\u00bbRGBA(0,0,0,0)\u00a0\u00bb box_shadow_style=\u00a0\u00bbpreset4&Prime; box_shadow_horizontal=\u00a0\u00bb0px\u00a0\u00bb box_shadow_vertical=\u00a0\u00bb2px\u00a0\u00bb box_shadow_color=\u00a0\u00bb#28292D\u00a0\u00bb locked=\u00a0\u00bboff\u00a0\u00bb global_colors_info=\u00a0\u00bb{}\u00a0\u00bb sticky_enabled=\u00a0\u00bb0&Prime;][et_pb_accordion_item title=\u00a0\u00bb D&rsquo;o\u00f9 proviennent vos carreaux ?\u00a0\u00bb open=\u00a0\u00bbon\u00a0\u00bb _builder_version=\u00a0\u00bb4.24.0&Prime; _module_preset=\u00a0\u00bbdefault\u00a0\u00bb custom_padding=\u00a0\u00bb|||0px|false|false\u00a0\u00bb hover_enabled=\u00a0\u00bb0&Prime; global_colors_info=\u00a0\u00bb{}\u00a0\u00bb sticky_enabled=\u00a0\u00bb0&Prime;]<p>Tous nos carrelages proviennent d&rsquo;Italie, pays renomm\u00e9 pour son design raffin\u00e9 et sa qualit\u00e9 sup\u00e9rieure.<\/p>[\/et_pb_accordion_item][et_pb_accordion_item title=\u00a0\u00bbPuis-je obtenir des \u00e9chantillons avant d&rsquo;acheter ?\u00a0\u00bb _builder_version=\u00a0\u00bb4.24.0&Prime; _module_preset=\u00a0\u00bbdefault\u00a0\u00bb custom_padding=\u00a0\u00bb|||0px|false|false\u00a0\u00bb hover_enabled=\u00a0\u00bb0&Prime; global_colors_info=\u00a0\u00bb{}\u00a0\u00bb open=\u00a0\u00bboff\u00a0\u00bb sticky_enabled=\u00a0\u00bb0&Prime;]<p>Oui, nous proposons des \u00e9chantillons gratuits pour toutes nos collections de carrelage. Contactez-nous ou visitez notre exposition pour en savoir plus sur la disponibilit\u00e9 des \u00e9chantillons.<\/p>[\/et_pb_accordion_item][et_pb_accordion_item title=\u00a0\u00bbProposez-vous des services de pose ?\u00a0\u00bb _builder_version=\u00a0\u00bb4.24.0&Prime; _module_preset=\u00a0\u00bbdefault\u00a0\u00bb custom_padding=\u00a0\u00bb|||0px|false|false\u00a0\u00bb hover_enabled=\u00a0\u00bb0&Prime; global_colors_info=\u00a0\u00bb{}\u00a0\u00bb open=\u00a0\u00bboff\u00a0\u00bb sticky_enabled=\u00a0\u00bb0&Prime;]<p>Nous n&rsquo;avons pas de service de pose. Cependant nous travaillons en partenariat avec des professionnels de la pose de carrelage. N&rsquo;h\u00e9sitez pas \u00e0 nous demander des recommandations sur la meilleure mani\u00e8re de poser vos carreaux.<\/p>[\/et_pb_accordion_item][et_pb_accordion_item title=\u00a0\u00bbPuis-je planifier une visite personnalis\u00e9e de l&rsquo;exposition ?\u00a0\u00bb _builder_version=\u00a0\u00bb4.24.0&Prime; _module_preset=\u00a0\u00bbdefault\u00a0\u00bb custom_padding=\u00a0\u00bb|||0px|false|false\u00a0\u00bb hover_enabled=\u00a0\u00bb0&Prime; global_colors_info=\u00a0\u00bb{}\u00a0\u00bb open=\u00a0\u00bboff\u00a0\u00bb sticky_enabled=\u00a0\u00bb0&Prime;]<p>Absolument ! Nous vous encourageons \u00e0 planifier une visite personnalis\u00e9e pour explorer notre exposition et discuter de vos besoins sp\u00e9cifiques avec nos experts. Contactez-nous pour planifier un rendez-vous.<\/p>[\/et_pb_accordion_item][\/et_pb_accordion][\/et_pb_column][et_pb_column type=\u00a0\u00bb2_5&Prime; _builder_version=\u00a0\u00bb4.16&Prime; _module_preset=\u00a0\u00bbdefault\u00a0\u00bb global_colors_info=\u00a0\u00bb{}\u00a0\u00bb][\/et_pb_column][\/et_pb_row][\/et_pb_section]\n","protected":false},"excerpt":{"rendered":"<p>FAQTous nos carrelages proviennent d&rsquo;Italie, pays renomm\u00e9 pour son design raffin\u00e9 et sa qualit\u00e9 sup\u00e9rieure.Oui, nous proposons des \u00e9chantillons gratuits pour toutes nos collections de carrelage. Contactez-nous ou visitez notre exposition pour en savoir plus sur la disponibilit\u00e9 des \u00e9chantillons.Nous n&rsquo;avons pas de service de pose. Cependant nous travaillons en partenariat avec des professionnels de [&hellip;]<\/p>\n","protected":false},"author":1,"featured_media":0,"parent":0,"menu_order":0,"comment_status":"closed","ping_status":"closed","template":"","meta":{"_et_pb_use_builder":"on","_et_pb_old_content":"","_et_gb_content_width":"","footnotes":""},"class_list":["post-28941","page","type-page","status-publish","hentry"],"_links":{"self":[{"href":"https:\/\/atmosphere-expo.ch\/de\/wp-json\/wp\/v2\/pages\/28941","targetHints":{"allow":["GET"]}}],"collection":[{"href":"https:\/\/atmosphere-expo.ch\/de\/wp-json\/wp\/v2\/pages"}],"about":[{"href":"https:\/\/atmosphere-expo.ch\/de\/wp-json\/wp\/v2\/types\/page"}],"author":[{"embeddable":true,"href":"https:\/\/atmosphere-expo.ch\/de\/wp-json\/wp\/v2\/users\/1"}],"replies":[{"embeddable":true,"href":"https:\/\/atmosphere-expo.ch\/de\/wp-json\/wp\/v2\/comments?post=28941"}],"version-history":[{"count":7,"href":"https:\/\/atmosphere-expo.ch\/de\/wp-json\/wp\/v2\/pages\/28941\/revisions"}],"predecessor-version":[{"id":29003,"href":"https:\/\/atmosphere-expo.ch\/de\/wp-json\/wp\/v2\/pages\/28941\/revisions\/29003"}],"wp:attachment":[{"href":"https:\/\/atmosphere-expo.ch\/de\/wp-json\/wp\/v2\/media?parent=28941"}],"curies":[{"name":"wp","href":"https:\/\/api.w.org\/{rel}","templated":true}]}}